{"id":12544,"date":"2025-07-18T09:32:13","date_gmt":"2025-07-18T07:32:13","guid":{"rendered":"https:\/\/activitesbruxelles.be\/?page_id=12544"},"modified":"2025-09-09T22:44:49","modified_gmt":"2025-09-09T20:44:49","slug":"terms-and-conditions","status":"publish","type":"page","link":"https:\/\/activitesbruxelles.be\/en\/conditions-generales\/","title":{"rendered":"Terms &amp; Conditions"},"content":{"rendered":"<section class=\"bde-section-12544-100 bde-section\">\n  \n  \n\t\n\n\n\n<div class=\"section-container\"><div class=\"bde-rich-text-12544-102 bde-rich-text breakdance-rich-text-styles\">\n<h2>Terms &amp; Conditions<\/h2>\n<h4>Introduction<\/h4>\n<p>These general terms and conditions apply to all activities offered by Activit\u00e9s Bruxelles. By using these services, the user fully accepts these terms.<\/p>\n<h4>Liability<\/h4>\n<p><strong>Physical and Material Damage:<\/strong><\/p>\n<ul>\n<li>Activit\u00e9s Bruxelles accepts no responsibility for injury, damage to property, theft or loss.<\/li>\n<li>All liability lies with the partner activity centre, which is covered by appropriate insurance.<\/li>\n<\/ul>\n<h4>Registration and Participation<\/h4>\n<ul>\n<li>Participants must follow the safety and driving instructions given by the instructors.<\/li>\n<li>Activit\u00e9s Bruxelles and\/or the partner reserves the right to refuse access to anyone who does not comply with these instructions.<\/li>\n<\/ul>\n<h4>Changes and Cancellations<\/h4>\n<ul>\n<li>Activit\u00e9s Bruxelles and\/or the partner reserves the right to modify or cancel activities in the event of force majeure or conditions beyond its control.<\/li>\n<li>Users will be informed of any changes as soon as possible.<\/li>\n<\/ul>\n<h4>Use of Personal Data<\/h4>\n<ul>\n<li>Users' personal data is collected and processed in accordance with current Belgian legislation.<\/li>\n<li>Users have the right to access, rectify and delete their data.<\/li>\n<\/ul>\n<h4>Applicable law and jurisdiction<\/h4>\n<ul>\n<li>These terms and conditions are governed by Belgian law.<\/li>\n<li>Any dispute will be submitted to the competent courts of Brussels.<\/li>\n<li>For more details, please consult our privacy policy.<\/li>\n<\/ul>\n<h4>Specific Modifications<\/h4>\n<p><strong>Disclaimer :<\/strong><\/p>\n<ul>\n<li>Activit\u00e9s Bruxelles will not be held responsible for injury, material damage, theft, etc.<\/li>\n<li>Responsibility lies with the partner activity centres, which are insured accordingly.<\/li>\n<\/ul>\n<p><strong>Insurance :<\/strong><br \/>Partner activity centres must have insurance covering participants for any activity carried out on their premises or under their supervision.<\/p>\n<p><strong>Complaints :<\/strong><br \/>Any complaints relating to an activity should be addressed directly to the partner centre concerned.<\/p>\n<\/div><\/div>\n<\/section>","protected":false},"excerpt":{"rendered":"<p>Conditions G\u00e9n\u00e9rales Introduction Les pr\u00e9sentes conditions g\u00e9n\u00e9rales s&rsquo;appliquent \u00e0 toutes les activit\u00e9s propos\u00e9es par Activit\u00e9s Bruxelles. En utilisant ces services, l&rsquo;utilisateur accepte pleinement ces termes. Responsabilit\u00e9 D\u00e9g\u00e2ts Physiques et Mat\u00e9riels : Activit\u00e9s Bruxelles d\u00e9cline toute responsabilit\u00e9 en cas de blessures, de d\u00e9g\u00e2ts mat\u00e9riels, de vols ou de pertes. Toute responsabilit\u00e9 incombe au centre d&rsquo;activit\u00e9s partenaire, [&hellip;]<\/p>\n","protected":false},"author":1,"featured_media":0,"parent":0,"menu_order":99,"comment_status":"closed","ping_status":"closed","template":"","meta":{"_acf_changed":false,"_breakdance_hide_in_design_set":false,"_breakdance_tags":"","footnotes":""},"class_list":["post-12544","page","type-page","status-publish","hentry"],"acf":[],"_links":{"self":[{"href":"https:\/\/activitesbruxelles.be\/en\/wp-json\/wp\/v2\/pages\/12544","targetHints":{"allow":["GET"]}}],"collection":[{"href":"https:\/\/activitesbruxelles.be\/en\/wp-json\/wp\/v2\/pages"}],"about":[{"href":"https:\/\/activitesbruxelles.be\/en\/wp-json\/wp\/v2\/types\/page"}],"author":[{"embeddable":true,"href":"https:\/\/activitesbruxelles.be\/en\/wp-json\/wp\/v2\/users\/1"}],"replies":[{"embeddable":true,"href":"https:\/\/activitesbruxelles.be\/en\/wp-json\/wp\/v2\/comments?post=12544"}],"version-history":[{"count":0,"href":"https:\/\/activitesbruxelles.be\/en\/wp-json\/wp\/v2\/pages\/12544\/revisions"}],"wp:attachment":[{"href":"https:\/\/activitesbruxelles.be\/en\/wp-json\/wp\/v2\/media?parent=12544"}],"curies":[{"name":"wp","href":"https:\/\/api.w.org\/{rel}","templated":true}]}}