{"id":12544,"date":"2025-07-18T09:32:13","date_gmt":"2025-07-18T07:32:13","guid":{"rendered":"https:\/\/activitesbruxelles.be\/?page_id=12544"},"modified":"2025-09-09T22:44:49","modified_gmt":"2025-09-09T20:44:49","slug":"algemene-voorwaarden","status":"publish","type":"page","link":"https:\/\/activitesbruxelles.be\/nl\/conditions-generales\/","title":{"rendered":"Algemene voorwaarden"},"content":{"rendered":"<section class=\"bde-section-12544-100 bde-section\">\n  \n  \n\t\n\n\n\n<div class=\"section-container\"><div class=\"bde-rich-text-12544-102 bde-rich-text breakdance-rich-text-styles\">\n<h2>Algemene voorwaarden<\/h2>\n<h4>Inleiding<\/h4>\n<p>Deze algemene voorwaarden zijn van toepassing op alle activiteiten die worden aangeboden door Activit\u00e9s Bruxelles. Door gebruik te maken van deze diensten aanvaardt de gebruiker deze voorwaarden volledig.<\/p>\n<h4>Aansprakelijkheid<\/h4>\n<p><strong>Fysieke en materi\u00eble schade:<\/strong><\/p>\n<ul>\n<li>Activit\u00e9s Bruxelles aanvaardt geen aansprakelijkheid voor letsel, schade aan eigendommen, diefstal of verlies.<\/li>\n<li>Alle aansprakelijkheid ligt bij het partneractiviteitencentrum, dat gedekt is door een geschikte verzekering.<\/li>\n<\/ul>\n<h4>Registratie en deelname<\/h4>\n<ul>\n<li>Deelnemers moeten de veiligheids- en rij-instructies van de instructeurs opvolgen.<\/li>\n<li>Activit\u00e9s Bruxelles en\/of de partner behoudt zich het recht voor om de toegang te weigeren aan elke persoon die deze instructies niet naleeft.<\/li>\n<\/ul>\n<h4>Wijzigingen en annuleringen<\/h4>\n<ul>\n<li>Activit\u00e9s Bruxelles en\/of de partner behoudt zich het recht voor om activiteiten te wijzigen of te annuleren in geval van overmacht of omstandigheden buiten zijn controle.<\/li>\n<li>Gebruikers worden zo snel mogelijk op de hoogte gebracht van wijzigingen.<\/li>\n<\/ul>\n<h4>Gebruik van persoonlijke gegevens<\/h4>\n<ul>\n<li>De persoonlijke gegevens van gebruikers worden verzameld en verwerkt in overeenstemming met de huidige Belgische wetgeving.<\/li>\n<li>Gebruikers hebben het recht op toegang, rectificatie en verwijdering van hun gegevens.<\/li>\n<\/ul>\n<h4>Toepasselijk recht en jurisdictie<\/h4>\n<ul>\n<li>Op deze algemene voorwaarden is Belgisch recht van toepassing.<\/li>\n<li>Eventuele geschillen zullen worden voorgelegd aan de bevoegde rechtbanken van Brussel.<\/li>\n<li>Raadpleeg ons privacybeleid voor meer informatie.<\/li>\n<\/ul>\n<h4>Specifieke wijzigingen<\/h4>\n<p><strong>Disclaimer :<\/strong><\/p>\n<ul>\n<li>Activit\u00e9s Bruxelles kan niet aansprakelijk worden gesteld voor verwondingen, schade aan eigendommen, diefstal, enz.<\/li>\n<li>De verantwoordelijkheid ligt bij de partneractiviteitencentra, die dienovereenkomstig verzekerd zijn.<\/li>\n<\/ul>\n<p><strong>Verzekering :<\/strong><br \/>Partneractiviteitencentra moeten een verzekering hebben die deelnemers dekt voor activiteiten die op hun terrein of onder hun toezicht worden uitgevoerd.<\/p>\n<p><strong>Klachten :<\/strong><br \/>Klachten over een activiteit moeten rechtstreeks aan het betreffende partnercentrum worden gericht.<\/p>\n<\/div><\/div>\n<\/section>","protected":false},"excerpt":{"rendered":"<p>Conditions G\u00e9n\u00e9rales Introduction Les pr\u00e9sentes conditions g\u00e9n\u00e9rales s&rsquo;appliquent \u00e0 toutes les activit\u00e9s propos\u00e9es par Activit\u00e9s Bruxelles. En utilisant ces services, l&rsquo;utilisateur accepte pleinement ces termes. Responsabilit\u00e9 D\u00e9g\u00e2ts Physiques et Mat\u00e9riels : Activit\u00e9s Bruxelles d\u00e9cline toute responsabilit\u00e9 en cas de blessures, de d\u00e9g\u00e2ts mat\u00e9riels, de vols ou de pertes. Toute responsabilit\u00e9 incombe au centre d&rsquo;activit\u00e9s partenaire, [&hellip;]<\/p>\n","protected":false},"author":1,"featured_media":0,"parent":0,"menu_order":99,"comment_status":"closed","ping_status":"closed","template":"","meta":{"_acf_changed":false,"_breakdance_hide_in_design_set":false,"_breakdance_tags":"","footnotes":""},"class_list":["post-12544","page","type-page","status-publish","hentry"],"acf":[],"_links":{"self":[{"href":"https:\/\/activitesbruxelles.be\/nl\/wp-json\/wp\/v2\/pages\/12544","targetHints":{"allow":["GET"]}}],"collection":[{"href":"https:\/\/activitesbruxelles.be\/nl\/wp-json\/wp\/v2\/pages"}],"about":[{"href":"https:\/\/activitesbruxelles.be\/nl\/wp-json\/wp\/v2\/types\/page"}],"author":[{"embeddable":true,"href":"https:\/\/activitesbruxelles.be\/nl\/wp-json\/wp\/v2\/users\/1"}],"replies":[{"embeddable":true,"href":"https:\/\/activitesbruxelles.be\/nl\/wp-json\/wp\/v2\/comments?post=12544"}],"version-history":[{"count":0,"href":"https:\/\/activitesbruxelles.be\/nl\/wp-json\/wp\/v2\/pages\/12544\/revisions"}],"wp:attachment":[{"href":"https:\/\/activitesbruxelles.be\/nl\/wp-json\/wp\/v2\/media?parent=12544"}],"curies":[{"name":"wp","href":"https:\/\/api.w.org\/{rel}","templated":true}]}}