{"id":3,"date":"2025-03-03T21:10:39","date_gmt":"2025-03-03T21:10:39","guid":{"rendered":"https:\/\/activitesbruxelles.be\/?page_id=3"},"modified":"2025-09-09T22:44:53","modified_gmt":"2025-09-09T20:44:53","slug":"privacybeleid","status":"publish","type":"page","link":"https:\/\/activitesbruxelles.be\/nl\/politique-de-confidentialite\/","title":{"rendered":"Privacybeleid"},"content":{"rendered":"<section class=\"bde-section-3-100 bde-section\">\n  \n  \n\t\n\n\n\n<div class=\"section-container\"><div class=\"bde-rich-text-3-103 bde-rich-text breakdance-rich-text-styles\">\n<h2>Privacybeleid<\/h2>\n<h4>Inleiding<\/h4>\n<p>De bescherming van uw persoonsgegevens is van het grootste belang voor Human Resources Facility, hierna te noemen \"ACTIVIT\u00c9S BRUXELLES\". Het doel van dit Privacybeleid is om u op een duidelijke en transparante manier te informeren over de verwerking van uw persoonsgegevens wanneer u gebruik maakt van onze website www.activitesbruxelles.be (\"de Site\").<\/p>\n<h4>Identificatie van de voor de verwerking verantwoordelijke :<\/h4>\n<ul>\n<li><strong>Naam :<\/strong> Human Resources Facility<\/li>\n<li><strong>Adres:<\/strong> Leuvensesteenweg 246, 1932 Zaventem, BE<\/li>\n<li><strong>BTW-nummer :<\/strong>\u00a0BE0794.179.778<\/li>\n<li><strong>E-mail :<\/strong>\u00a0info@activitesbruxelles.be<\/li>\n<\/ul>\n<h4>Betrokken gebruikers<\/h4>\n<p>Dit beleid is van toepassing op elke natuurlijke persoon of rechtspersoon, een \"Gebruiker\" genoemd, die de Site bezoekt of gebruikt.<\/p>\n<h4>Beleidsdoelstellingen<\/h4>\n<p>ACTIVIT\u00c9S BRUXELLES verbindt zich ertoe de bescherming van persoonsgegevens te waarborgen in overeenstemming met de geldende wetgeving, waaronder de wet van 30 juli 2018 en de Europese verordening van 26 april 2016.<\/p>\n<h4>Verwerking van persoonlijke gegevens<\/h4>\n<p><strong>Type verzamelde gegevens :<\/strong><\/p>\n<ul>\n<li>E-mailadres<\/li>\n<li>Volledige naam<\/li>\n<li>Telefoonnummer<\/li>\n<\/ul>\n<p><strong>Doel van de verwerking:<\/strong><\/p>\n<ul>\n<li>Het beheren van inschrijvingen op onze nieuwsbrief en het aanbieden van promotionele voordelen.<\/li>\n<li>Zorgen voor een soepel verloop van ons bedrijf, met name het beheer van reserveringen voor diensten.<\/li>\n<\/ul>\n<h4>Toestemming<\/h4>\n<p>De toegang tot en het gebruik van de Site impliceert de uitdrukkelijke aanvaarding van dit Privacybeleid en de bijbehorende verwerking van persoonsgegevens. Deze toestemming wordt actief gegeven, met name door het aanvinken van een vakje bij de registratie op de Site. Gebruikers kunnen hun toestemming te allen tijde intrekken.<\/p>\n<h4>Houdbaarheid<\/h4>\n<p>Persoonsgegevens worden maximaal 1 jaar bewaard om te voldoen aan de doeleinden waarvoor ze worden verwerkt.<\/p>\n<h4>Gegevens delen<\/h4>\n<p>Gegevens kunnen worden gedeeld met werknemers of onderaannemers van ACTIVIT\u00c9S BRUXELLES, met inachtneming van de vastgestelde normen voor beveiliging en vertrouwelijkheid.<\/p>\n<h4>Gebruikersrechten<\/h4>\n<p>Gebruikers hebben uitgebreide rechten met betrekking tot hun persoonlijke gegevens, zoals :<\/p>\n<ul>\n<li><strong>Toegang<\/strong> Toegang vragen tot uw persoonlijke gegevens.<\/li>\n<li><strong>Rectificatie<\/strong> onnauwkeurige of onvolledige gegevens corrigeren.<\/li>\n<li><strong>Verwijdering<\/strong> verzoeken om verwijdering van persoonlijke gegevens.<\/li>\n<li><strong>Beperking<\/strong> De verwerking van uw gegevens beperken.<\/li>\n<li><strong>Draagbaarheid<\/strong> Gegevens in een gestructureerd formaat ontvangen en overdragen aan een andere controller.<\/li>\n<li><strong>Oppositie<\/strong> zich verzetten tegen de verwerking van gegevens om specifieke redenen.<\/li>\n<\/ul>\n<p>Deze rechten kunnen worden uitgeoefend door contact op te nemen met ACTIVITES BRUXELLES per e-mail of per post, vergezeld van een kopie van uw identiteitskaart.<\/p>\n<h4>Cookies<\/h4>\n<p>Onze site gebruikt cookies om de gebruikerservaring te verbeteren. Cookies kunnen worden beheerd via de browserinstellingen van de gebruiker.<\/p>\n<h4>Beveiliging<\/h4>\n<p>Er worden organisatorische en technische maatregelen getroffen om een beveiligingsniveau te garanderen dat is afgestemd op het risico van de verwerking van persoonsgegevens.<\/p>\n<h4>Wijzigingen in het beleid<\/h4>\n<p>ACTIVIT\u00c9S BRUXELLES behoudt zich het recht voor dit Privacybeleid te wijzigen om te voldoen aan juridische ontwikkelingen. Gebruikers worden uitgenodigd om dit beleid regelmatig te raadplegen.<\/p>\n<h4>Toepasselijk recht en jurisdictie<\/h4>\n<p>Dit beleid wordt beheerst door Belgisch recht. Elk geschil met betrekking tot dit beleid zal worden voorgelegd aan de bevoegde rechtbanken van Belgi\u00eb.<\/p>\n<h4>Contact<\/h4>\n<p>Als u vragen of klachten hebt over dit privacybeleid, kunt u contact opnemen met ACTIVIT\u00c9S BRUXELLES op het volgende adres: info@activitesbruxelles.be.<\/p>\n<\/div><\/div>\n<\/section>","protected":false},"excerpt":{"rendered":"<p>Politique de confidentialit\u00e9 Introduction La protection de vos donn\u00e9es personnelles est primordiale pour Human Resources Facility, ci-apr\u00e8s d\u00e9nomm\u00e9 \u00ab\u00a0ACTIVIT\u00c9S BRUXELLES\u00a0\u00bb. Cette Politique de confidentialit\u00e9 vise \u00e0 vous informer de mani\u00e8re claire et transparente sur le traitement de vos donn\u00e9es personnelles lors de votre interaction avec notre site internet www.activitesbruxelles.be (\u00ab\u00a0le Site\u00a0\u00bb). Identification du responsable du [&hellip;]<\/p>\n","protected":false},"author":1,"featured_media":0,"parent":0,"menu_order":99,"comment_status":"closed","ping_status":"open","template":"","meta":{"_acf_changed":false,"_breakdance_hide_in_design_set":false,"_breakdance_tags":"","footnotes":""},"class_list":["post-3","page","type-page","status-publish","hentry"],"acf":[],"_links":{"self":[{"href":"https:\/\/activitesbruxelles.be\/nl\/wp-json\/wp\/v2\/pages\/3","targetHints":{"allow":["GET"]}}],"collection":[{"href":"https:\/\/activitesbruxelles.be\/nl\/wp-json\/wp\/v2\/pages"}],"about":[{"href":"https:\/\/activitesbruxelles.be\/nl\/wp-json\/wp\/v2\/types\/page"}],"author":[{"embeddable":true,"href":"https:\/\/activitesbruxelles.be\/nl\/wp-json\/wp\/v2\/users\/1"}],"replies":[{"embeddable":true,"href":"https:\/\/activitesbruxelles.be\/nl\/wp-json\/wp\/v2\/comments?post=3"}],"version-history":[{"count":0,"href":"https:\/\/activitesbruxelles.be\/nl\/wp-json\/wp\/v2\/pages\/3\/revisions"}],"wp:attachment":[{"href":"https:\/\/activitesbruxelles.be\/nl\/wp-json\/wp\/v2\/media?parent=3"}],"curies":[{"name":"wp","href":"https:\/\/api.w.org\/{rel}","templated":true}]}}