{"id":563,"date":"2025-05-09T21:11:17","date_gmt":"2025-05-09T19:11:17","guid":{"rendered":"https:\/\/activitesbruxelles.be\/?page_id=563"},"modified":"2025-11-18T18:48:01","modified_gmt":"2025-11-18T17:48:01","slug":"sitemap","status":"publish","type":"page","link":"https:\/\/activitesbruxelles.be\/nl\/sitemap\/","title":{"rendered":"Sitemap"},"content":{"rendered":"<section class=\"bde-section-563-100 bde-section\">\n  \n  \n\t\n\n\n\n<div class=\"section-container\"><div class=\"bde-shortcode-563-101 bde-shortcode\"><div class=\"rank-math-html-sitemap\"><div class=\"rank-math-html-sitemap__section rank-math-html-sitemap__section--post-type rank-math-html-sitemap__section--page\"><h2 class=\"rank-math-html-sitemap__title\">Pagina's<\/h2><ul class=\"rank-math-html-sitemap__list\"><li class=\"rank-math-html-sitemap__item\"><a href=\"https:\/\/activitesbruxelles.be\/nl\/over-ons\/\" class=\"rank-math-html-sitemap__link\">Over ons<\/a><\/li><li class=\"rank-math-html-sitemap__item\"><a href=\"https:\/\/activitesbruxelles.be\/nl\/\" class=\"rank-math-html-sitemap__link\">Home<\/a><\/li><li class=\"rank-math-html-sitemap__item\"><a href=\"https:\/\/activitesbruxelles.be\/nl\/klantenbeoordelingen\/\" class=\"rank-math-html-sitemap__link\">Beoordelingen van klanten<\/a><\/li><li class=\"rank-math-html-sitemap__item\"><a href=\"https:\/\/activitesbruxelles.be\/nl\/blog\/\" class=\"rank-math-html-sitemap__link\">Blog<\/a><\/li><li class=\"rank-math-html-sitemap__item\"><a href=\"https:\/\/activitesbruxelles.be\/nl\/veelgestelde-vragen\/\" class=\"rank-math-html-sitemap__link\">FAQ<\/a><\/li><li class=\"rank-math-html-sitemap__item\"><a href=\"https:\/\/activitesbruxelles.be\/nl\/materiaal-verhuur\/\" class=\"rank-math-html-sitemap__link\">Materiaal verhuur<\/a><\/li><li class=\"rank-math-html-sitemap__item\"><a href=\"https:\/\/activitesbruxelles.be\/nl\/reservering\/\" class=\"rank-math-html-sitemap__link\">Reservering<\/a><\/li><\/ul><\/div><div class=\"rank-math-html-sitemap__section rank-math-html-sitemap__section--post-type rank-math-html-sitemap__section--activite\"><h2 class=\"rank-math-html-sitemap__title\">Activiteiten<\/h2><ul class=\"rank-math-html-sitemap__list\"><li class=\"rank-math-html-sitemap__item\"><a href=\"https:\/\/activitesbruxelles.be\/nl\/activiteiten\/arcade-speelhal\/\" class=\"rank-math-html-sitemap__link\">Speeltuin en speelhal<\/a><\/li><li class=\"rank-math-html-sitemap__item\"><a href=\"https:\/\/activitesbruxelles.be\/nl\/activiteiten\/badminton\/\" class=\"rank-math-html-sitemap__link\">Badminton<\/a><\/li><li class=\"rank-math-html-sitemap__item\"><a href=\"https:\/\/activitesbruxelles.be\/nl\/activiteiten\/battle-arena-vr\/\" class=\"rank-math-html-sitemap__link\">Battle Arena VR<\/a><\/li><li class=\"rank-math-html-sitemap__item\"><a href=\"https:\/\/activitesbruxelles.be\/nl\/activiteiten\/battlekart-ar\/\" class=\"rank-math-html-sitemap__link\">BattleKart AR<\/a><\/li><li class=\"rank-math-html-sitemap__item\"><a href=\"https:\/\/activitesbruxelles.be\/nl\/activiteiten\/bubble-voetbal\/\" class=\"rank-math-html-sitemap__link\">Bubbelvoet<\/a><\/li><li class=\"rank-math-html-sitemap__item\"><a href=\"https:\/\/activitesbruxelles.be\/nl\/activiteiten\/avontuurlijke-uitdaging\/\" class=\"rank-math-html-sitemap__link\">Uitdaging Avontuur<\/a><\/li><li class=\"rank-math-html-sitemap__item\"><a href=\"https:\/\/activitesbruxelles.be\/nl\/activiteiten\/escape-games-vr\/\" class=\"rank-math-html-sitemap__link\">Escape Games VR<\/a><\/li><li class=\"rank-math-html-sitemap__item\"><a href=\"https:\/\/activitesbruxelles.be\/nl\/activiteiten\/golf\/\" class=\"rank-math-html-sitemap__link\">Golf<\/a><\/li><li class=\"rank-math-html-sitemap__item\"><a href=\"https:\/\/activitesbruxelles.be\/nl\/activiteiten\/hyperbowling\/\" class=\"rank-math-html-sitemap__link\">HyperBowling<\/a><\/li><li class=\"rank-math-html-sitemap__item\"><a href=\"https:\/\/activitesbruxelles.be\/nl\/activiteiten\/quiz-spel\/\" class=\"rank-math-html-sitemap__link\">Quizspel<\/a><\/li><li class=\"rank-math-html-sitemap__item\"><a href=\"https:\/\/activitesbruxelles.be\/nl\/activiteiten\/karting\/\" class=\"rank-math-html-sitemap__link\">Karting<\/a><\/li><li class=\"rank-math-html-sitemap__item\"><a href=\"https:\/\/activitesbruxelles.be\/nl\/activiteiten\/karting-vr\/\" class=\"rank-math-html-sitemap__link\">Karting VR<\/a><\/li><li class=\"rank-math-html-sitemap__item\"><a href=\"https:\/\/activitesbruxelles.be\/nl\/activiteiten\/bijl-werpen\/\" class=\"rank-math-html-sitemap__link\">Bijlwerpen<\/a><\/li><li class=\"rank-math-html-sitemap__item\"><a href=\"https:\/\/activitesbruxelles.be\/nl\/activiteiten\/laser-game\/\" class=\"rank-math-html-sitemap__link\">Lasergame<\/a><\/li><li class=\"rank-math-html-sitemap__item\"><a href=\"https:\/\/activitesbruxelles.be\/nl\/activiteiten\/padel\/\" class=\"rank-math-html-sitemap__link\">Padel<\/a><\/li><li class=\"rank-math-html-sitemap__item\"><a href=\"https:\/\/activitesbruxelles.be\/nl\/activiteiten\/paintball\/\" class=\"rank-math-html-sitemap__link\">Paintball<\/a><\/li><li class=\"rank-math-html-sitemap__item\"><a href=\"https:\/\/activitesbruxelles.be\/nl\/activiteiten\/prison-island\/\" class=\"rank-math-html-sitemap__link\">Prison Island<\/a><\/li><li class=\"rank-math-html-sitemap__item\"><a href=\"https:\/\/activitesbruxelles.be\/nl\/activiteiten\/quiz-buzzer\/\" class=\"rank-math-html-sitemap__link\">Quiz Buzzer TV<\/a><\/li><li class=\"rank-math-html-sitemap__item\"><a href=\"https:\/\/activitesbruxelles.be\/nl\/activiteiten\/rage-room\/\" class=\"rank-math-html-sitemap__link\">Rage Room<\/a><\/li><li class=\"rank-math-html-sitemap__item\"><a href=\"https:\/\/activitesbruxelles.be\/nl\/activiteiten\/shooting-vr\/\" class=\"rank-math-html-sitemap__link\">Shooting VR<\/a><\/li><li class=\"rank-math-html-sitemap__item\"><a href=\"https:\/\/activitesbruxelles.be\/nl\/activiteiten\/teamspellen\/\" class=\"rank-math-html-sitemap__link\">Teamspellen<\/a><\/li><li class=\"rank-math-html-sitemap__item\"><a href=\"https:\/\/activitesbruxelles.be\/nl\/activiteiten\/boogschieten\/\" class=\"rank-math-html-sitemap__link\">Boogschieten<\/a><\/li><li class=\"rank-math-html-sitemap__item\"><a href=\"https:\/\/activitesbruxelles.be\/nl\/activiteiten\/laser-duifschieten\/\" class=\"rank-math-html-sitemap__link\">Laser Duiven Schieten<\/a><\/li><li class=\"rank-math-html-sitemap__item\"><a href=\"https:\/\/activitesbruxelles.be\/nl\/activiteiten\/zombie-survival-vr\/\" class=\"rank-math-html-sitemap__link\">Zombie Survival VR<\/a><\/li><\/ul><\/div><div class=\"rank-math-html-sitemap__section rank-math-html-sitemap__section--post-type rank-math-html-sitemap__section--evenement\"><h2 class=\"rank-math-html-sitemap__title\">Evenementen<\/h2><ul class=\"rank-math-html-sitemap__list\"><li class=\"rank-math-html-sitemap__item\"><a href=\"https:\/\/activitesbruxelles.be\/nl\/evenementen\/thuisanimaties\/\" class=\"rank-math-html-sitemap__link\">Thuisanimaties<\/a><\/li><li class=\"rank-math-html-sitemap__item\"><a href=\"https:\/\/activitesbruxelles.be\/nl\/evenementen\/verjaardagen\/\" class=\"rank-math-html-sitemap__link\">Verjaardagen<\/a><\/li><li class=\"rank-math-html-sitemap__item\"><a href=\"https:\/\/activitesbruxelles.be\/nl\/evenementen\/clubs-verenigingen\/\" class=\"rank-math-html-sitemap__link\">Clubs en verenigingen<\/a><\/li><li class=\"rank-math-html-sitemap__item\"><a href=\"https:\/\/activitesbruxelles.be\/nl\/evenementen\/vrijgezellenfeest\/\" class=\"rank-math-html-sitemap__link\">Vrijgezellenfeest<\/a><\/li><li class=\"rank-math-html-sitemap__item\"><a href=\"https:\/\/activitesbruxelles.be\/nl\/evenementen\/prive-feesten-vieringen\/\" class=\"rank-math-html-sitemap__link\">Priv\u00e9feesten &amp; vieringen<\/a><\/li><li class=\"rank-math-html-sitemap__item\"><a href=\"https:\/\/activitesbruxelles.be\/nl\/evenementen\/incentives\/\" class=\"rank-math-html-sitemap__link\">Incentives en beloningen<\/a><\/li><li class=\"rank-math-html-sitemap__item\"><a href=\"https:\/\/activitesbruxelles.be\/nl\/evenementen\/seminaries\/\" class=\"rank-math-html-sitemap__link\">Seminars<\/a><\/li><li class=\"rank-math-html-sitemap__item\"><a href=\"https:\/\/activitesbruxelles.be\/nl\/evenementen\/schooluitstapjes\/\" class=\"rank-math-html-sitemap__link\">Schoolreisjes<\/a><\/li><li class=\"rank-math-html-sitemap__item\"><a href=\"https:\/\/activitesbruxelles.be\/nl\/evenementen\/team-building\/\" class=\"rank-math-html-sitemap__link\">Teambuilding<\/a><\/li><\/ul><\/div><div class=\"rank-math-html-sitemap__section rank-math-html-sitemap__section--taxonomy rank-math-html-sitemap__section--categorie-activite\"><h2 class=\"rank-math-html-sitemap__title\">Activiteitscategorie\u00ebn<\/h2><ul class=\"rank-math-html-sitemap__list\"><li class=\"rank-math-html-sitemap__item\"><a href=\"https:\/\/activitesbruxelles.be\/nl\/categorieen-activiteiten\/actie-adrenaline\/\" class=\"rank-math-html-sitemap__link\">Actie en adrenaline<\/a><\/li><li class=\"rank-math-html-sitemap__item\"><a href=\"https:\/\/activitesbruxelles.be\/nl\/categorieen-activiteiten\/andere-activiteiten\/\" class=\"rank-math-html-sitemap__link\">Andere activiteiten<\/a><\/li><li class=\"rank-math-html-sitemap__item\"><a href=\"https:\/\/activitesbruxelles.be\/nl\/categorieen-activiteiten\/enigma-uitdagingen\/\" class=\"rank-math-html-sitemap__link\">Uitdagingen en raadsels<\/a><\/li><li class=\"rank-math-html-sitemap__item\"><a href=\"https:\/\/activitesbruxelles.be\/nl\/categorieen-activiteiten\/virtuele-realiteit\/\" class=\"rank-math-html-sitemap__link\">Virtuele realiteit<\/a><\/li><li class=\"rank-math-html-sitemap__item\"><a href=\"https:\/\/activitesbruxelles.be\/nl\/categorieen-activiteiten\/sportcompetitie\/\" class=\"rank-math-html-sitemap__link\">Sport en competitie<\/a><\/li><\/ul><\/div><div class=\"rank-math-html-sitemap__section rank-math-html-sitemap__section--taxonomy rank-math-html-sitemap__section--type-evenement\"><h2 class=\"rank-math-html-sitemap__title\">Soorten evenementen<\/h2><ul class=\"rank-math-html-sitemap__list\"><li class=\"rank-math-html-sitemap__item\"><a href=\"https:\/\/activitesbruxelles.be\/nl\/types-evenementen\/groep-evenementen\/\" class=\"rank-math-html-sitemap__link\">Groep Evenementen<\/a><\/li><li class=\"rank-math-html-sitemap__item\"><a href=\"https:\/\/activitesbruxelles.be\/nl\/types-evenementen\/prive-evenementen\/\" class=\"rank-math-html-sitemap__link\">Priv\u00e9 evenementen<\/a><\/li><li class=\"rank-math-html-sitemap__item\"><a href=\"https:\/\/activitesbruxelles.be\/nl\/types-evenementen\/zakelijke-evenementen\/\" class=\"rank-math-html-sitemap__link\">Evenementen<\/a><\/li><\/ul><\/div><\/div><\/div><\/div>\n<\/section>","protected":false},"excerpt":{"rendered":"<p>Pagina&#039;s\u00c0 propos de nousAccueilAvis clientsBlogFAQLocation de mat\u00e9rielsR\u00e9servationActivit\u00e9sAire de jeux et ArcadeBadmintonBattle Arena VRBattleKart ARBubble FootD\u00e9fi NatureEscape Games VRGolfHyperBowlingJeu de QuizKartingKarting VRLancer de HachesLaser GamePadelPaintballPrison IslandQuiz Buzzer TVRage RoomShooting VRTeam GamesTir \u00e0 l&#039;arcTir aux Pigeons LaserZombie Survival VR\u00c9v\u00e9nementsAnimations \u00e0 domicileAnniversairesClubs &amp; AssociationsEVG\/EVJFF\u00eates priv\u00e9es &amp; C\u00e9l\u00e9brationsIncentives &amp; R\u00e9compensesS\u00e9minairesSorties scolairesTeam BuildingCat\u00e9gories d&#039;activit\u00e9sAction &amp; Adr\u00e9nalineAutres Activit\u00e9sD\u00e9fis &amp; \u00c9nigmesR\u00e9alit\u00e9 VirtuelleSports [&hellip;]<\/p>\n","protected":false},"author":1,"featured_media":0,"parent":0,"menu_order":99,"comment_status":"closed","ping_status":"closed","template":"","meta":{"_acf_changed":false,"_breakdance_hide_in_design_set":false,"_breakdance_tags":"","footnotes":""},"class_list":["post-563","page","type-page","status-publish","hentry"],"acf":[],"_links":{"self":[{"href":"https:\/\/activitesbruxelles.be\/nl\/wp-json\/wp\/v2\/pages\/563","targetHints":{"allow":["GET"]}}],"collection":[{"href":"https:\/\/activitesbruxelles.be\/nl\/wp-json\/wp\/v2\/pages"}],"about":[{"href":"https:\/\/activitesbruxelles.be\/nl\/wp-json\/wp\/v2\/types\/page"}],"author":[{"embeddable":true,"href":"https:\/\/activitesbruxelles.be\/nl\/wp-json\/wp\/v2\/users\/1"}],"replies":[{"embeddable":true,"href":"https:\/\/activitesbruxelles.be\/nl\/wp-json\/wp\/v2\/comments?post=563"}],"version-history":[{"count":0,"href":"https:\/\/activitesbruxelles.be\/nl\/wp-json\/wp\/v2\/pages\/563\/revisions"}],"wp:attachment":[{"href":"https:\/\/activitesbruxelles.be\/nl\/wp-json\/wp\/v2\/media?parent=563"}],"curies":[{"name":"wp","href":"https:\/\/api.w.org\/{rel}","templated":true}]}}